{"id":646,"date":"2021-02-22T22:44:57","date_gmt":"2021-02-22T21:44:57","guid":{"rendered":"http:\/\/wbs-liblar.de\/wp\/?page_id=646"},"modified":"2025-12-26T17:17:02","modified_gmt":"2025-12-26T16:17:02","slug":"startseite","status":"publish","type":"page","link":"https:\/\/wbs-liblar.de\/wp\/","title":{"rendered":"Startseite"},"content":{"rendered":"\n<figure class=\"wp-block-image size-large\"><img loading=\"lazy\" decoding=\"async\" width=\"1024\" height=\"269\" src=\"https:\/\/wbs-liblar.de\/wp\/wp-content\/uploads\/2021\/03\/Sommerfest-1024x269.jpg\" alt=\"\" class=\"wp-image-756\" srcset=\"https:\/\/wbs-liblar.de\/wp\/wp-content\/uploads\/2021\/03\/Sommerfest-1024x269.jpg 1024w, https:\/\/wbs-liblar.de\/wp\/wp-content\/uploads\/2021\/03\/Sommerfest-300x79.jpg 300w, https:\/\/wbs-liblar.de\/wp\/wp-content\/uploads\/2021\/03\/Sommerfest-768x202.jpg 768w, https:\/\/wbs-liblar.de\/wp\/wp-content\/uploads\/2021\/03\/Sommerfest.jpg 1140w\" sizes=\"auto, (max-width: 1024px) 100vw, 1024px\" \/><\/figure>\n\n\n\n<h2 class=\"wp-block-heading\">Nachbarschaft Willy-Brandt-Stra\u00dfe e.V.<\/h2>\n\n\n\n<p><strong>in Erftstadt-Liblar<\/strong><\/p>\n\n\n\n<p>Wir sind ein gemeinn\u00fctziger Verein, der sich zur Verbesserung der Wohnsituation und des sozialen Miteinanders in unserem Wohngebiet einsetzt.<\/p>\n\n\n\n<p>Zur F\u00f6rderung der kindlichen Bildung finanziert der Nachbarschaftsverein seit 2006 eine <a href=\"https:\/\/wbs-liblar.de\/wp\/sprachfoerderung\/\" data-type=\"page\" data-id=\"921\">Sprachf\u00f6rderung<\/a> f\u00fcr Grundschulkinder mit Deutsch als Zweitsprache.<\/p>\n\n\n\n<hr class=\"wp-block-separator has-css-opacity\"\/>\n\n\n\n<h3 class=\"wp-block-heading\">Aktuelles:<\/h3>\n\n\n\n<ul class=\"wp-block-list\">\n<li>28.12.2025: <a href=\"https:\/\/wbs-liblar.de\/wp\/28-12-2025-wanderung-hilberath-tomburg\/\" data-type=\"post\" data-id=\"1297\"><strong>Wanderung Hilberath, Tomburg<\/strong><\/a><\/li>\n\n\n\n<li>03.10.2025: <strong><a href=\"https:\/\/wbs-liblar.de\/wp\/03-10-2025-wanderung-brohltal\/\" data-type=\"post\" data-id=\"1242\">Wanderung ins Brohltal<\/a><\/strong><\/li>\n\n\n\n<li class=\"has-vivid-red-color has-text-color has-link-color wp-elements-3cfef2377f9c746888ab7632221ede2e\">21.09.2025: <strong>Picknick im Veedel<\/strong><br>abgesagt wegen schlechtem Wetter!<\/li>\n<\/ul>\n\n\n\n<hr class=\"wp-block-separator has-alpha-channel-opacity\"\/>\n\n\n\n<p><\/p>\n","protected":false},"excerpt":{"rendered":"<p>Nachbarschaft Willy-Brandt-Stra\u00dfe e.V. in Erftstadt-Liblar Wir sind ein gemeinn\u00fctziger Verein, der sich zur Verbesserung der Wohnsituation und des sozialen Miteinanders in unserem Wohngebiet einsetzt. Zur F\u00f6rderung der kindlichen Bildung finanziert der Nachbarschaftsverein seit 2006 eine Sprachf\u00f6rderung f\u00fcr Grundschulkinder mit Deutsch als Zweitsprache. Aktuelles:<\/p>\n","protected":false},"author":1,"featured_media":0,"parent":0,"menu_order":0,"comment_status":"closed","ping_status":"closed","template":"","meta":{"footnotes":""},"class_list":["post-646","page","type-page","status-publish","hentry"],"_links":{"self":[{"href":"https:\/\/wbs-liblar.de\/wp\/wp-json\/wp\/v2\/pages\/646","targetHints":{"allow":["GET"]}}],"collection":[{"href":"https:\/\/wbs-liblar.de\/wp\/wp-json\/wp\/v2\/pages"}],"about":[{"href":"https:\/\/wbs-liblar.de\/wp\/wp-json\/wp\/v2\/types\/page"}],"author":[{"embeddable":true,"href":"https:\/\/wbs-liblar.de\/wp\/wp-json\/wp\/v2\/users\/1"}],"replies":[{"embeddable":true,"href":"https:\/\/wbs-liblar.de\/wp\/wp-json\/wp\/v2\/comments?post=646"}],"version-history":[{"count":26,"href":"https:\/\/wbs-liblar.de\/wp\/wp-json\/wp\/v2\/pages\/646\/revisions"}],"predecessor-version":[{"id":1303,"href":"https:\/\/wbs-liblar.de\/wp\/wp-json\/wp\/v2\/pages\/646\/revisions\/1303"}],"wp:attachment":[{"href":"https:\/\/wbs-liblar.de\/wp\/wp-json\/wp\/v2\/media?parent=646"}],"curies":[{"name":"wp","href":"https:\/\/api.w.org\/{rel}","templated":true}]}}