{"id":1014,"date":"2025-05-04T19:02:17","date_gmt":"2025-05-04T17:02:17","guid":{"rendered":"https:\/\/wbs-liblar.de\/wp\/?page_id=1014"},"modified":"2025-06-09T12:25:39","modified_gmt":"2025-06-09T10:25:39","slug":"maennerkochen","status":"publish","type":"page","link":"https:\/\/wbs-liblar.de\/wp\/maennerkochen\/","title":{"rendered":"M\u00e4nnerkochen"},"content":{"rendered":"\n<figure class=\"wp-block-image size-large\"><img loading=\"lazy\" decoding=\"async\" width=\"1024\" height=\"270\" src=\"https:\/\/wbs-liblar.de\/wp\/wp-content\/uploads\/2025\/05\/ella-olsson-mmnKI8kMxpc-unsplash-scaled-e1746468593289-1024x270.jpg\" alt=\"\" class=\"wp-image-1018\" srcset=\"https:\/\/wbs-liblar.de\/wp\/wp-content\/uploads\/2025\/05\/ella-olsson-mmnKI8kMxpc-unsplash-scaled-e1746468593289-1024x270.jpg 1024w, https:\/\/wbs-liblar.de\/wp\/wp-content\/uploads\/2025\/05\/ella-olsson-mmnKI8kMxpc-unsplash-scaled-e1746468593289-300x79.jpg 300w, https:\/\/wbs-liblar.de\/wp\/wp-content\/uploads\/2025\/05\/ella-olsson-mmnKI8kMxpc-unsplash-scaled-e1746468593289-768x203.jpg 768w, https:\/\/wbs-liblar.de\/wp\/wp-content\/uploads\/2025\/05\/ella-olsson-mmnKI8kMxpc-unsplash-scaled-e1746468593289-1536x406.jpg 1536w, https:\/\/wbs-liblar.de\/wp\/wp-content\/uploads\/2025\/05\/ella-olsson-mmnKI8kMxpc-unsplash-scaled-e1746468593289-2048x541.jpg 2048w\" sizes=\"auto, (max-width: 1024px) 100vw, 1024px\" \/><\/figure>\n\n\n\n<div style=\"height:15px\" aria-hidden=\"true\" class=\"wp-block-spacer\"><\/div>\n\n\n\n<p>Seit 2012 treffen sich Kochbegeisterte in der WBS zum gemeinsamen M\u00e4nnerkochen im Familienzentrum (FZ) \/ Kita. Die Organisation \u00fcbernimmt federf\u00fchrend Rainer Kaudelka.<\/p>\n\n\n\n<p><strong>Wann &amp; Wo:<\/strong><\/p>\n\n\n\n<p>\ud83d\udcc5 Jeden letzten Freitag im Monat \ud83d\udccd In der K\u00fcche des Familienzentrums<\/p>\n\n\n\n<p><strong>Ablauf &amp; Kosten:<\/strong><\/p>\n\n\n\n<p>\u2705 Die Men\u00fcplanung erfolgt vorab per WhatsApp. \u2705 Die G\u00e4nge werden auf die Teilnehmer verteilt, sind es mehr Leute helfen die anderen bei der Zubereitung. \u2705 Wer einen Gang \u00fcbernimmt sucht ein Rezept heraus (oder denkt sich eines aus) und besorgt die passenden Zutaten. \u2705 Am Abend werden 10,- \u20ac pro Person eingesammelt und mit den gekauften Zutaten verrechnet.<\/p>\n\n\n\n<p><strong>Wer kann mitmachen?<br><\/strong>\ud83d\udc68\u200d\ud83c\udf73 Grunds\u00e4tzlich jeder! \u2757 Da die Teilnehmerzahl begrenzt ist, bitten wir um vorherige Anmeldung zum Probekochen.<br>\ud83d\udcde Interessierte k\u00f6nnen sich direkt bei <a href=\"mailto:rainer.kaudelka@t-online.de\">Rainer Kaudelka<\/a> melden.<\/p>\n\n\n\n<p><strong>Was wird gekocht?<br><\/strong>\ud83c\udf7d\ufe0f Alles, was schmeckt! Das Ziel ist ein Men\u00fc mit 3\u20134 G\u00e4ngen, damit jeder aktiv mitkochen kann. Ob Zanderfilet, Gulasch oder hausgemachtes Gem\u00fcsedressing \u2013 bisher ist fast nichts \u00fcbrig geblieben. Und wenn doch, freut sich jemand zu Hause \u00fcber eine k\u00f6stliche \u00dcberraschung!<br>\ud83d\udd25 Hin und wieder gibt es besondere Themenabende, z. B. ein mediterranes Men\u00fc oder ein Grillabend im Sommer.<\/p>\n\n\n\n<p><strong>Gemeinschaft &amp; Atmosph\u00e4re:<br><\/strong>\ud83c\udf89 Beim M\u00e4nnerkochen geht es nicht nur um gutes Essen, sondern auch um das Zusammensein in entspannter Runde. Hier wird gemeinsam geschnippelt, gebrutzelt und gelacht \u2013 eine tolle Gelegenheit, neue Rezepte auszuprobieren und Erfahrungen auszutauschen.<\/p>\n\n\n\n<p>\ud83e\uddd1\u200d\ud83e\udd1d\u200d\ud83e\uddd1 Wer einmal nicht dabei sein kann, vermisst den kulinarischen Abend und freut sich umso mehr auf das n\u00e4chste Treffen. Die lockere und freundschaftliche Atmosph\u00e4re macht jeden Kochabend zu einem besonderen Erlebnis!<\/p>\n\n\n\n<p><strong>Dank:<br><\/strong>\ud83d\ude4f Ein gro\u00dfes Dankesch\u00f6n an das Familienzentrum f\u00fcr die Bereitstellung der K\u00fcche und aller Utensilien!<\/p>\n","protected":false},"excerpt":{"rendered":"<p>Seit 2012 treffen sich Kochbegeisterte in der WBS zum gemeinsamen M\u00e4nnerkochen im Familienzentrum (FZ) \/ Kita. Die Organisation \u00fcbernimmt federf\u00fchrend Rainer Kaudelka. Wann &amp; Wo: \ud83d\udcc5 Jeden letzten Freitag im Monat \ud83d\udccd In der K\u00fcche des Familienzentrums Ablauf &amp; Kosten: \u2705 Die Men\u00fcplanung erfolgt vorab per WhatsApp. \u2705 Die G\u00e4nge werden auf die Teilnehmer verteilt, [&hellip;]<\/p>\n","protected":false},"author":1,"featured_media":0,"parent":0,"menu_order":0,"comment_status":"closed","ping_status":"closed","template":"","meta":{"footnotes":""},"class_list":["post-1014","page","type-page","status-publish","hentry"],"_links":{"self":[{"href":"https:\/\/wbs-liblar.de\/wp\/wp-json\/wp\/v2\/pages\/1014","targetHints":{"allow":["GET"]}}],"collection":[{"href":"https:\/\/wbs-liblar.de\/wp\/wp-json\/wp\/v2\/pages"}],"about":[{"href":"https:\/\/wbs-liblar.de\/wp\/wp-json\/wp\/v2\/types\/page"}],"author":[{"embeddable":true,"href":"https:\/\/wbs-liblar.de\/wp\/wp-json\/wp\/v2\/users\/1"}],"replies":[{"embeddable":true,"href":"https:\/\/wbs-liblar.de\/wp\/wp-json\/wp\/v2\/comments?post=1014"}],"version-history":[{"count":20,"href":"https:\/\/wbs-liblar.de\/wp\/wp-json\/wp\/v2\/pages\/1014\/revisions"}],"predecessor-version":[{"id":1189,"href":"https:\/\/wbs-liblar.de\/wp\/wp-json\/wp\/v2\/pages\/1014\/revisions\/1189"}],"wp:attachment":[{"href":"https:\/\/wbs-liblar.de\/wp\/wp-json\/wp\/v2\/media?parent=1014"}],"curies":[{"name":"wp","href":"https:\/\/api.w.org\/{rel}","templated":true}]}}